{"id":1175,"date":"2023-05-27T12:22:59","date_gmt":"2023-05-27T12:22:59","guid":{"rendered":"https:\/\/jatszohazgyula.hu\/?page_id=1175"},"modified":"2023-06-12T20:33:35","modified_gmt":"2023-06-12T20:33:35","slug":"nindzsa-palya","status":"publish","type":"page","link":"https:\/\/jatszohazgyula.hu\/de\/nindzsa-palya\/","title":{"rendered":"Ninja-Spur"},"content":{"rendered":"<div data-elementor-type=\"wp-page\" data-elementor-id=\"1175\" class=\"elementor elementor-1175\" data-elementor-post-type=\"page\">\n\t\t\t\t\t\t\t\t\t<section data-exad-particle-enable=\"false\" class=\"elementor-section elementor-top-section elementor-element elementor-element-3dca116 elementor-section-boxed elementor-section-height-default elementor-section-height-default exad-glass-effect-no exad-sticky-section-no\" data-id=\"3dca116\" data-element_type=\"section\" data-settings=\"{&quot;background_background&quot;:&quot;classic&quot;,&quot;shape_divider_top&quot;:&quot;waves&quot;,&quot;shape_divider_top_negative&quot;:&quot;yes&quot;,&quot;shape_divider_bottom&quot;:&quot;waves&quot;}\">\n\t\t\t\t\t<div class=\"elementor-shape elementor-shape-top\" data-negative=\"true\">\n\t\t\t<svg xmlns=\"http:\/\/www.w3.org\/2000\/svg\" viewbox=\"0 0 1000 100\" preserveaspectratio=\"none\">\n\t<path class=\"elementor-shape-fill\" d=\"M790.5,93.1c-59.3-5.3-116.8-18-192.6-50c-29.6-12.7-76.9-31-100.5-35.9c-23.6-4.9-52.6-7.8-75.5-5.3\tc-10.2,1.1-22.6,1.4-50.1,7.4c-27.2,6.3-58.2,16.6-79.4,24.7c-41.3,15.9-94.9,21.9-134,22.6C72,58.2,0,25.8,0,25.8V100h1000V65.3\tc0,0-51.5,19.4-106.2,25.7C839.5,97,814.1,95.2,790.5,93.1z\"\/>\n<\/svg>\t\t<\/div>\n\t\t\t\t<div class=\"elementor-shape elementor-shape-bottom\" data-negative=\"false\">\n\t\t\t<svg xmlns=\"http:\/\/www.w3.org\/2000\/svg\" viewbox=\"0 0 1000 100\" preserveaspectratio=\"none\">\n\t<path class=\"elementor-shape-fill\" d=\"M421.9,6.5c22.6-2.5,51.5,0.4,75.5,5.3c23.6,4.9,70.9,23.5,100.5,35.7c75.8,32.2,133.7,44.5,192.6,49.7\tc23.6,2.1,48.7,3.5,103.4-2.5c54.7-6,106.2-25.6,106.2-25.6V0H0v30.3c0,0,72,32.6,158.4,30.5c39.2-0.7,92.8-6.7,134-22.4\tc21.2-8.1,52.2-18.2,79.7-24.2C399.3,7.9,411.6,7.5,421.9,6.5z\"\/>\n<\/svg>\t\t<\/div>\n\t\t\t\t\t<div class=\"elementor-container elementor-column-gap-default\">\n\t\t\t\t\t<div class=\"elementor-column elementor-col-100 elementor-top-column elementor-element elementor-element-c83d93b exad-glass-effect-no exad-sticky-section-no\" data-id=\"c83d93b\" data-element_type=\"column\">\n\t\t\t<div class=\"elementor-widget-wrap elementor-element-populated\">\n\t\t\t\t\t\t\t\t<div class=\"elementor-element elementor-element-2886ebb exad-sticky-section-no exad-glass-effect-no elementor-widget elementor-widget-exad-exclusive-heading\" data-id=\"2886ebb\" data-element_type=\"widget\" data-widget_type=\"exad-exclusive-heading.default\">\n\t\t\t\t<div class=\"elementor-widget-container\">\n\t\t\t\n        <div class=\"exad-exclusive-heading\">\n            <div class=\"exad-exclusive-heading-wrapper exad-heading-center exad-heading-simple\">\n\t\t\t\n                <h1 data-content=\"\" class=\"exad-exclusive-heading-title\">\n\t\t\t\t\t\t\t\t\t<\/h1>\n\t\n                \t\t\t\t\t<div class=\"exad-heading-separator\"><\/div>\n\t\t\t\t\n            <\/div>\n        <\/div>\n\t\t\t<\/div>\n\t\t\t\t<\/div>\n\t\t\t\t\t<\/div>\n\t\t<\/div>\n\t\t\t\t\t\t\t<\/div>\n\t\t<\/section>\n\t\t\t\t<section data-exad-particle-enable=\"false\" class=\"elementor-section elementor-top-section elementor-element elementor-element-f0e6474 elementor-section-boxed elementor-section-height-default elementor-section-height-default exad-parallax-effect-no exad-background-color-change-no exad-glass-effect-no exad-sticky-section-no\" data-id=\"f0e6474\" data-element_type=\"section\">\n\t\t\t\t\t\t<div class=\"elementor-container elementor-column-gap-wider\">\n\t\t\t\t\t<div class=\"elementor-column elementor-col-50 elementor-top-column elementor-element elementor-element-6806d19 exad-glass-effect-no exad-sticky-section-no\" data-id=\"6806d19\" data-element_type=\"column\">\n\t\t\t<div class=\"elementor-widget-wrap elementor-element-populated\">\n\t\t\t\t\t\t\t\t<div class=\"elementor-element elementor-element-678b561 exad-sticky-section-no exad-glass-effect-no elementor-widget elementor-widget-exad-exclusive-dual-heading\" data-id=\"678b561\" data-element_type=\"widget\" data-widget_type=\"exad-exclusive-dual-heading.default\">\n\t\t\t\t<div class=\"elementor-widget-container\">\n\t\t\t\n        <div class=\"exad-dual-heading\">\n            <div class=\"exad-dual-heading-wrapper\">\n            \n                <h2 class=\"exad-dual-heading-title\">\n                                    <span class=\"first-heading\">Entdecken.<\/span>\n                    <span class=\"second-heading\"><br>Ihr Ninja-Selbst<\/span>\n                                    <\/h2>\n\n                  \n\n            <\/div>\n        <\/div>\n        \t\t<\/div>\n\t\t\t\t<\/div>\n\t\t\t\t<div class=\"elementor-element elementor-element-dfae889 exad-sticky-section-no exad-glass-effect-no elementor-widget elementor-widget-text-editor\" data-id=\"dfae889\" data-element_type=\"widget\" data-widget_type=\"text-editor.default\">\n\t\t\t\t<div class=\"elementor-widget-container\">\n\t\t\t<style>\/*! elementor - v3.14.0 - 26-06-2023 *\/\n.elementor-widget-text-editor.elementor-drop-cap-view-stacked .elementor-drop-cap{background-color:#69727d;color:#fff}.elementor-widget-text-editor.elementor-drop-cap-view-framed .elementor-drop-cap{color:#69727d;border:3px solid;background-color:transparent}.elementor-widget-text-editor:not(.elementor-drop-cap-view-default) .elementor-drop-cap{margin-top:8px}.elementor-widget-text-editor:not(.elementor-drop-cap-view-default) .elementor-drop-cap-letter{width:1em;height:1em}.elementor-widget-text-editor .elementor-drop-cap{float:left;text-align:center;line-height:1;font-size:50px}.elementor-widget-text-editor .elementor-drop-cap-letter{display:inline-block}<\/style>\t\t\t\t<p>Machen Sie sich bereit f\u00fcr die Herausforderung und buchen Sie einen Termin auf dem Extrem-Parcours, wo Sie die perfekte Mischung aus Abenteuer und Spannung erleben k\u00f6nnen. Der Parcours ist mit Outdoor-Hindernissen ausgestattet, die in Geschicklichkeits- und Kraftabschnitte unterteilt sind. Ein sicherer Schwammbelag sorgt daf\u00fcr, dass Sie sich mit Sicherheit ausprobieren k\u00f6nnen. Die Hindernisse sind ver\u00e4nderbar und erweiterbar, so dass es jedes Mal eine neue Herausforderung gibt.\u00a0<\/p>\t\t\t\t\t\t<\/div>\n\t\t\t\t<\/div>\n\t\t\t\t<div class=\"elementor-element elementor-element-3722e25 elementor-icon-list--layout-inline elementor-align-left elementor-list-item-link-full_width exad-sticky-section-no exad-glass-effect-no elementor-widget elementor-widget-icon-list\" data-id=\"3722e25\" data-element_type=\"widget\" data-widget_type=\"icon-list.default\">\n\t\t\t\t<div class=\"elementor-widget-container\">\n\t\t\t<link rel=\"stylesheet\" href=\"https:\/\/jatszohazgyula.hu\/wp-content\/plugins\/elementor\/assets\/css\/widget-icon-list.min.css\">\t\t<ul class=\"elementor-icon-list-items elementor-inline-items\">\n\t\t\t\t\t\t\t<li class=\"elementor-icon-list-item elementor-inline-item\">\n\t\t\t\t\t\t\t\t\t\t\t<span class=\"elementor-icon-list-icon\">\n\t\t\t\t\t\t\t<i aria-hidden=\"true\" class=\"fas fa-check\"><\/i>\t\t\t\t\t\t<\/span>\n\t\t\t\t\t\t\t\t\t\t<span class=\"elementor-icon-list-text\">mit mehreren F\u00e4higkeits- und St\u00e4rkebereichen<\/span>\n\t\t\t\t\t\t\t\t\t<\/li>\n\t\t\t\t\t\t\t\t<li class=\"elementor-icon-list-item elementor-inline-item\">\n\t\t\t\t\t\t\t\t\t\t\t<span class=\"elementor-icon-list-icon\">\n\t\t\t\t\t\t\t<i aria-hidden=\"true\" class=\"fas fa-check\"><\/i>\t\t\t\t\t\t<\/span>\n\t\t\t\t\t\t\t\t\t\t<span class=\"elementor-icon-list-text\">die Hindernisse k\u00f6nnen variiert und erweitert werden<\/span>\n\t\t\t\t\t\t\t\t\t<\/li>\n\t\t\t\t\t\t<\/ul>\n\t\t\t\t<\/div>\n\t\t\t\t<\/div>\n\t\t\t\t\t<\/div>\n\t\t<\/div>\n\t\t\t\t<div class=\"elementor-column elementor-col-50 elementor-top-column elementor-element elementor-element-2fbefe1 exad-glass-effect-no exad-sticky-section-no\" data-id=\"2fbefe1\" data-element_type=\"column\">\n\t\t\t<div class=\"elementor-widget-wrap elementor-element-populated\">\n\t\t\t\t\t\t\t\t<div class=\"elementor-element elementor-element-3be0c0d exad-sticky-section-no exad-glass-effect-no elementor-widget elementor-widget-exad-animated-shape\" data-id=\"3be0c0d\" data-element_type=\"widget\" data-widget_type=\"exad-animated-shape.default\">\n\t\t\t\t<div class=\"elementor-widget-container\">\n\t\t\t\t<div class=\"exad-animated-shape\">\n\t\t<div class=\"exad-animated-shape-image style_3\">\n\t\t\t<img loading=\"lazy\" decoding=\"async\" width=\"768\" height=\"512\" src=\"https:\/\/jatszohazgyula.hu\/wp-content\/uploads\/2023\/05\/pexels-tima-miroshnichenko-5916340-768x512.jpg\" class=\"attachment-medium_large size-medium_large wp-image-1191\" alt=\"\" srcset=\"https:\/\/jatszohazgyula.hu\/wp-content\/uploads\/2023\/05\/pexels-tima-miroshnichenko-5916340-768x512.jpg 768w, https:\/\/jatszohazgyula.hu\/wp-content\/uploads\/2023\/05\/pexels-tima-miroshnichenko-5916340-300x200.jpg 300w, https:\/\/jatszohazgyula.hu\/wp-content\/uploads\/2023\/05\/pexels-tima-miroshnichenko-5916340-1024x683.jpg 1024w, https:\/\/jatszohazgyula.hu\/wp-content\/uploads\/2023\/05\/pexels-tima-miroshnichenko-5916340-1536x1024.jpg 1536w, https:\/\/jatszohazgyula.hu\/wp-content\/uploads\/2023\/05\/pexels-tima-miroshnichenko-5916340-2048x1365.jpg 2048w, https:\/\/jatszohazgyula.hu\/wp-content\/uploads\/2023\/05\/pexels-tima-miroshnichenko-5916340-18x12.jpg 18w\" sizes=\"auto, (max-width: 768px) 100vw, 768px\" \/>\t\t<\/div>\n\t<\/div>\n\t\t\t<\/div>\n\t\t\t\t<\/div>\n\t\t\t\t<div class=\"elementor-element elementor-element-a979885 exad-sticky-section-no exad-glass-effect-no elementor-widget elementor-widget-text-editor\" data-id=\"a979885\" data-element_type=\"widget\" data-widget_type=\"text-editor.default\">\n\t\t\t\t<div class=\"elementor-widget-container\">\n\t\t\t\t\t\t\t<p style=\"text-align: center;\">Das Bild dient nur zur Illustration.<\/p>\t\t\t\t\t\t<\/div>\n\t\t\t\t<\/div>\n\t\t\t\t\t<\/div>\n\t\t<\/div>\n\t\t\t\t\t\t\t<\/div>\n\t\t<\/section>\n\t\t\t\t<section data-exad-particle-enable=\"false\" class=\"elementor-section elementor-top-section elementor-element elementor-element-808b3ab elementor-hidden-tablet elementor-hidden-mobile elementor-section-boxed elementor-section-height-default elementor-section-height-default exad-parallax-effect-no exad-background-color-change-no exad-glass-effect-no exad-sticky-section-no\" data-id=\"808b3ab\" data-element_type=\"section\" data-settings=\"{&quot;background_background&quot;:&quot;classic&quot;,&quot;shape_divider_bottom&quot;:&quot;waves&quot;}\">\n\t\t\t\t\t<div class=\"elementor-shape elementor-shape-bottom\" data-negative=\"false\">\n\t\t\t<svg xmlns=\"http:\/\/www.w3.org\/2000\/svg\" viewbox=\"0 0 1000 100\" preserveaspectratio=\"none\">\n\t<path class=\"elementor-shape-fill\" d=\"M421.9,6.5c22.6-2.5,51.5,0.4,75.5,5.3c23.6,4.9,70.9,23.5,100.5,35.7c75.8,32.2,133.7,44.5,192.6,49.7\tc23.6,2.1,48.7,3.5,103.4-2.5c54.7-6,106.2-25.6,106.2-25.6V0H0v30.3c0,0,72,32.6,158.4,30.5c39.2-0.7,92.8-6.7,134-22.4\tc21.2-8.1,52.2-18.2,79.7-24.2C399.3,7.9,411.6,7.5,421.9,6.5z\"\/>\n<\/svg>\t\t<\/div>\n\t\t\t\t\t<div class=\"elementor-container elementor-column-gap-default\">\n\t\t\t\t\t<div class=\"elementor-column elementor-col-100 elementor-top-column elementor-element elementor-element-d17820b exad-glass-effect-no exad-sticky-section-no\" data-id=\"d17820b\" data-element_type=\"column\">\n\t\t\t<div class=\"elementor-widget-wrap elementor-element-populated\">\n\t\t\t\t\t\t\t\t<div class=\"elementor-element elementor-element-68605a2 exad-sticky-section-no exad-glass-effect-no elementor-widget elementor-widget-spacer\" data-id=\"68605a2\" data-element_type=\"widget\" data-widget_type=\"spacer.default\">\n\t\t\t\t<div class=\"elementor-widget-container\">\n\t\t\t<style>\/*! elementor - v3.14.0 - 26-06-2023 *\/\n.elementor-column .elementor-spacer-inner{height:var(--spacer-size)}.e-con{--container-widget-width:100%}.e-con-inner>.elementor-widget-spacer,.e-con>.elementor-widget-spacer{width:var(--container-widget-width,var(--spacer-size));--align-self:var(--container-widget-align-self,initial);--flex-shrink:0}.e-con-inner>.elementor-widget-spacer>.elementor-widget-container,.e-con-inner>.elementor-widget-spacer>.elementor-widget-container>.elementor-spacer,.e-con>.elementor-widget-spacer>.elementor-widget-container,.e-con>.elementor-widget-spacer>.elementor-widget-container>.elementor-spacer{height:100%}.e-con-inner>.elementor-widget-spacer>.elementor-widget-container>.elementor-spacer>.elementor-spacer-inner,.e-con>.elementor-widget-spacer>.elementor-widget-container>.elementor-spacer>.elementor-spacer-inner{height:var(--container-widget-height,var(--spacer-size))}<\/style>\t\t<div class=\"elementor-spacer\">\n\t\t\t<div class=\"elementor-spacer-inner\"><\/div>\n\t\t<\/div>\n\t\t\t\t<\/div>\n\t\t\t\t<\/div>\n\t\t\t\t\t<\/div>\n\t\t<\/div>\n\t\t\t\t\t\t\t<\/div>\n\t\t<\/section>\n\t\t\t\t<section data-exad-particle-enable=\"false\" class=\"elementor-section elementor-top-section elementor-element elementor-element-52432bc elementor-hidden-tablet elementor-hidden-mobile elementor-section-boxed elementor-section-height-default elementor-section-height-default exad-parallax-effect-no exad-background-color-change-no exad-glass-effect-no exad-sticky-section-no\" data-id=\"52432bc\" data-element_type=\"section\" data-settings=\"{&quot;background_background&quot;:&quot;classic&quot;,&quot;shape_divider_top&quot;:&quot;waves&quot;,&quot;shape_divider_top_negative&quot;:&quot;yes&quot;}\">\n\t\t\t\t\t<div class=\"elementor-shape elementor-shape-top\" data-negative=\"true\">\n\t\t\t<svg xmlns=\"http:\/\/www.w3.org\/2000\/svg\" viewbox=\"0 0 1000 100\" preserveaspectratio=\"none\">\n\t<path class=\"elementor-shape-fill\" d=\"M790.5,93.1c-59.3-5.3-116.8-18-192.6-50c-29.6-12.7-76.9-31-100.5-35.9c-23.6-4.9-52.6-7.8-75.5-5.3\tc-10.2,1.1-22.6,1.4-50.1,7.4c-27.2,6.3-58.2,16.6-79.4,24.7c-41.3,15.9-94.9,21.9-134,22.6C72,58.2,0,25.8,0,25.8V100h1000V65.3\tc0,0-51.5,19.4-106.2,25.7C839.5,97,814.1,95.2,790.5,93.1z\"\/>\n<\/svg>\t\t<\/div>\n\t\t\t\t\t<div class=\"elementor-container elementor-column-gap-default\">\n\t\t\t\t\t<div class=\"elementor-column elementor-col-100 elementor-top-column elementor-element elementor-element-7fdb0e8 exad-glass-effect-no exad-sticky-section-no\" data-id=\"7fdb0e8\" data-element_type=\"column\">\n\t\t\t<div class=\"elementor-widget-wrap elementor-element-populated\">\n\t\t\t\t\t\t\t\t<div class=\"elementor-element elementor-element-03a10e0 exad-sticky-section-no exad-glass-effect-no elementor-widget elementor-widget-exad-exclusive-dual-heading\" data-id=\"03a10e0\" data-element_type=\"widget\" data-widget_type=\"exad-exclusive-dual-heading.default\">\n\t\t\t\t<div class=\"elementor-widget-container\">\n\t\t\t\n        <div class=\"exad-dual-heading\">\n            <div class=\"exad-dual-heading-wrapper\">\n            \n                <h2 class=\"exad-dual-heading-title\">\n                                    <span class=\"first-heading\">Galerie<\/span>\n                    <span class=\"second-heading\"><\/span>\n                                    <\/h2>\n\n                  \n\n            <\/div>\n        <\/div>\n        \t\t<\/div>\n\t\t\t\t<\/div>\n\t\t\t\t<div class=\"elementor-element elementor-element-d4b341f exad-sticky-section-no exad-glass-effect-no elementor-widget elementor-widget-spacer\" data-id=\"d4b341f\" data-element_type=\"widget\" data-widget_type=\"spacer.default\">\n\t\t\t\t<div class=\"elementor-widget-container\">\n\t\t\t\t\t<div class=\"elementor-spacer\">\n\t\t\t<div class=\"elementor-spacer-inner\"><\/div>\n\t\t<\/div>\n\t\t\t\t<\/div>\n\t\t\t\t<\/div>\n\t\t\t\t\t<\/div>\n\t\t<\/div>\n\t\t\t\t\t\t\t<\/div>\n\t\t<\/section>\n\t\t\t\t<section data-exad-particle-enable=\"false\" class=\"elementor-section elementor-top-section elementor-element elementor-element-f65d212 elementor-section-boxed elementor-section-height-default elementor-section-height-default exad-parallax-effect-no exad-background-color-change-no exad-glass-effect-no exad-sticky-section-no\" data-id=\"f65d212\" data-element_type=\"section\">\n\t\t\t\t\t\t<div class=\"elementor-container elementor-column-gap-wider\">\n\t\t\t\t\t<div class=\"elementor-column elementor-col-100 elementor-top-column elementor-element elementor-element-63de14b exad-glass-effect-no exad-sticky-section-no\" data-id=\"63de14b\" data-element_type=\"column\">\n\t\t\t<div class=\"elementor-widget-wrap elementor-element-populated\">\n\t\t\t\t\t\t\t\t<div class=\"elementor-element elementor-element-c24736d gallery-spacing-custom exad-sticky-section-no exad-glass-effect-no elementor-widget elementor-widget-image-gallery\" data-id=\"c24736d\" data-element_type=\"widget\" data-widget_type=\"image-gallery.default\">\n\t\t\t\t<div class=\"elementor-widget-container\">\n\t\t\t<style>\/*! elementor - v3.14.0 - 26-06-2023 *\/\n.elementor-image-gallery .gallery-item{display:inline-block;text-align:center;vertical-align:top;width:100%;max-width:100%;margin:0 auto}.elementor-image-gallery .gallery-item img{margin:0 auto}.elementor-image-gallery .gallery-item .gallery-caption{margin:0}.elementor-image-gallery figure img{display:block}.elementor-image-gallery figure figcaption{width:100%}.gallery-spacing-custom .elementor-image-gallery .gallery-icon{padding:0}@media (min-width:768px){.elementor-image-gallery .gallery-columns-2 .gallery-item{max-width:50%}.elementor-image-gallery .gallery-columns-3 .gallery-item{max-width:33.33%}.elementor-image-gallery .gallery-columns-4 .gallery-item{max-width:25%}.elementor-image-gallery .gallery-columns-5 .gallery-item{max-width:20%}.elementor-image-gallery .gallery-columns-6 .gallery-item{max-width:16.666%}.elementor-image-gallery .gallery-columns-7 .gallery-item{max-width:14.28%}.elementor-image-gallery .gallery-columns-8 .gallery-item{max-width:12.5%}.elementor-image-gallery .gallery-columns-9 .gallery-item{max-width:11.11%}.elementor-image-gallery .gallery-columns-10 .gallery-item{max-width:10%}}@media (min-width:480px) and (max-width:767px){.elementor-image-gallery .gallery.gallery-columns-2 .gallery-item,.elementor-image-gallery .gallery.gallery-columns-3 .gallery-item,.elementor-image-gallery .gallery.gallery-columns-4 .gallery-item,.elementor-image-gallery .gallery.gallery-columns-5 .gallery-item,.elementor-image-gallery .gallery.gallery-columns-6 .gallery-item,.elementor-image-gallery .gallery.gallery-columns-7 .gallery-item,.elementor-image-gallery .gallery.gallery-columns-8 .gallery-item,.elementor-image-gallery .gallery.gallery-columns-9 .gallery-item,.elementor-image-gallery .gallery.gallery-columns-10 .gallery-item{max-width:50%}}@media (max-width:479px){.elementor-image-gallery .gallery.gallery-columns-2 .gallery-item,.elementor-image-gallery .gallery.gallery-columns-3 .gallery-item,.elementor-image-gallery .gallery.gallery-columns-4 .gallery-item,.elementor-image-gallery .gallery.gallery-columns-5 .gallery-item,.elementor-image-gallery .gallery.gallery-columns-6 .gallery-item,.elementor-image-gallery .gallery.gallery-columns-7 .gallery-item,.elementor-image-gallery .gallery.gallery-columns-8 .gallery-item,.elementor-image-gallery .gallery.gallery-columns-9 .gallery-item,.elementor-image-gallery .gallery.gallery-columns-10 .gallery-item{max-width:100%}}<\/style>\t\t<div class=\"elementor-image-gallery\">\n\t\t\t<div id='gallery-1' class='gallery galleryid-1175 gallery-columns-3 gallery-size-medium_large'><figure class='gallery-item'>\n\t\t\t<div class='gallery-icon landscape'>\n\t\t\t\t<a data-elementor-open-lightbox=\"yes\" data-elementor-lightbox-slideshow=\"c24736d\" data-e-action-hash=\"#elementor-action%3Aaction%3Dlightbox%26settings%3DeyJpZCI6NDYsInVybCI6Imh0dHBzOlwvXC9qYXRzem9oYXpneXVsYS5odVwvd3AtY29udGVudFwvdXBsb2Fkc1wvMjAyM1wvMDNcL3BleGVscy15YW4ta3J1a2F1LTg2MTMxNzAtc2NhbGVkLmpwZyIsInNsaWRlc2hvdyI6ImMyNDczNmQifQ%3D%3D\" href='https:\/\/jatszohazgyula.hu\/wp-content\/uploads\/2023\/03\/pexels-yan-krukau-8613170-scaled.jpg'><img loading=\"lazy\" decoding=\"async\" width=\"768\" height=\"512\" src=\"https:\/\/jatszohazgyula.hu\/wp-content\/uploads\/2023\/03\/pexels-yan-krukau-8613170-768x512.jpg\" class=\"attachment-medium_large size-medium_large\" alt=\"\" srcset=\"https:\/\/jatszohazgyula.hu\/wp-content\/uploads\/2023\/03\/pexels-yan-krukau-8613170-768x512.jpg 768w, https:\/\/jatszohazgyula.hu\/wp-content\/uploads\/2023\/03\/pexels-yan-krukau-8613170-300x200.jpg 300w, https:\/\/jatszohazgyula.hu\/wp-content\/uploads\/2023\/03\/pexels-yan-krukau-8613170-1024x683.jpg 1024w, https:\/\/jatszohazgyula.hu\/wp-content\/uploads\/2023\/03\/pexels-yan-krukau-8613170-1536x1024.jpg 1536w, https:\/\/jatszohazgyula.hu\/wp-content\/uploads\/2023\/03\/pexels-yan-krukau-8613170-2048x1365.jpg 2048w\" sizes=\"auto, (max-width: 768px) 100vw, 768px\" \/><\/a>\n\t\t\t<\/div><\/figure><figure class='gallery-item'>\n\t\t\t<div class='gallery-icon landscape'>\n\t\t\t\t<a data-elementor-open-lightbox=\"yes\" data-elementor-lightbox-slideshow=\"c24736d\" data-e-action-hash=\"#elementor-action%3Aaction%3Dlightbox%26settings%3DeyJpZCI6NDUsInVybCI6Imh0dHBzOlwvXC9qYXRzem9oYXpneXVsYS5odVwvd3AtY29udGVudFwvdXBsb2Fkc1wvMjAyM1wvMDNcL3BleGVscy15YW4ta3J1a2F1LTg2MTMzMTktc2NhbGVkLmpwZyIsInNsaWRlc2hvdyI6ImMyNDczNmQifQ%3D%3D\" href='https:\/\/jatszohazgyula.hu\/wp-content\/uploads\/2023\/03\/pexels-yan-krukau-8613319-scaled.jpg'><img loading=\"lazy\" decoding=\"async\" width=\"768\" height=\"512\" src=\"https:\/\/jatszohazgyula.hu\/wp-content\/uploads\/2023\/03\/pexels-yan-krukau-8613319-768x512.jpg\" class=\"attachment-medium_large size-medium_large\" alt=\"\" srcset=\"https:\/\/jatszohazgyula.hu\/wp-content\/uploads\/2023\/03\/pexels-yan-krukau-8613319-768x512.jpg 768w, https:\/\/jatszohazgyula.hu\/wp-content\/uploads\/2023\/03\/pexels-yan-krukau-8613319-300x200.jpg 300w, https:\/\/jatszohazgyula.hu\/wp-content\/uploads\/2023\/03\/pexels-yan-krukau-8613319-1024x683.jpg 1024w, https:\/\/jatszohazgyula.hu\/wp-content\/uploads\/2023\/03\/pexels-yan-krukau-8613319-1536x1024.jpg 1536w, https:\/\/jatszohazgyula.hu\/wp-content\/uploads\/2023\/03\/pexels-yan-krukau-8613319-2048x1365.jpg 2048w\" sizes=\"auto, (max-width: 768px) 100vw, 768px\" \/><\/a>\n\t\t\t<\/div><\/figure><figure class='gallery-item'>\n\t\t\t<div class='gallery-icon landscape'>\n\t\t\t\t<a data-elementor-open-lightbox=\"yes\" data-elementor-lightbox-slideshow=\"c24736d\" data-e-action-hash=\"#elementor-action%3Aaction%3Dlightbox%26settings%3DeyJpZCI6NDQsInVybCI6Imh0dHBzOlwvXC9qYXRzem9oYXpneXVsYS5odVwvd3AtY29udGVudFwvdXBsb2Fkc1wvMjAyM1wvMDNcL3BleGVscy15YW4ta3J1a2F1LTg2MTMxNDYtc2NhbGVkLmpwZyIsInNsaWRlc2hvdyI6ImMyNDczNmQifQ%3D%3D\" href='https:\/\/jatszohazgyula.hu\/wp-content\/uploads\/2023\/03\/pexels-yan-krukau-8613146-scaled.jpg'><img loading=\"lazy\" decoding=\"async\" width=\"768\" height=\"512\" src=\"https:\/\/jatszohazgyula.hu\/wp-content\/uploads\/2023\/03\/pexels-yan-krukau-8613146-768x512.jpg\" class=\"attachment-medium_large size-medium_large\" alt=\"\" srcset=\"https:\/\/jatszohazgyula.hu\/wp-content\/uploads\/2023\/03\/pexels-yan-krukau-8613146-768x512.jpg 768w, https:\/\/jatszohazgyula.hu\/wp-content\/uploads\/2023\/03\/pexels-yan-krukau-8613146-300x200.jpg 300w, https:\/\/jatszohazgyula.hu\/wp-content\/uploads\/2023\/03\/pexels-yan-krukau-8613146-1024x683.jpg 1024w, https:\/\/jatszohazgyula.hu\/wp-content\/uploads\/2023\/03\/pexels-yan-krukau-8613146-1536x1024.jpg 1536w, https:\/\/jatszohazgyula.hu\/wp-content\/uploads\/2023\/03\/pexels-yan-krukau-8613146-2048x1365.jpg 2048w\" sizes=\"auto, (max-width: 768px) 100vw, 768px\" \/><\/a>\n\t\t\t<\/div><\/figure>\n\t\t<\/div>\n\t\t<\/div>\n\t\t\t\t<\/div>\n\t\t\t\t<\/div>\n\t\t\t\t\t<\/div>\n\t\t<\/div>\n\t\t\t\t\t\t\t<\/div>\n\t\t<\/section>\n\t\t\t\t\t\t\t<\/div>","protected":false},"excerpt":{"rendered":"<p>Entdecken Sie Ihre Ninja-Seite Machen Sie sich bereit f\u00fcr die Herausforderung und buchen Sie einen Termin auf dem Extrem-Parcours, wo Sie die perfekte Mischung aus Abenteuer und Spannung erleben k\u00f6nnen. Der Parcours ist mit Outdoor-Hindernissen ausgestattet, die in Geschicklichkeits- und Kraftbereiche unterteilt sind. Ein sicherer Schwammbelag sorgt daf\u00fcr, dass Sie sich mit Sicherheit ausprobieren k\u00f6nnen. Die Hindernisse sind ver\u00e4nderbar und erweiterbar, so dass es jedes Mal neue Herausforderungen gibt [...]<\/p>","protected":false},"author":1,"featured_media":1191,"parent":0,"menu_order":11,"comment_status":"closed","ping_status":"closed","template":"","meta":{"footnotes":""},"categories":[13],"tags":[],"folder":[],"class_list":["post-1175","page","type-page","status-publish","has-post-thumbnail","hentry","category-jatek-kint"],"_links":{"self":[{"href":"https:\/\/jatszohazgyula.hu\/de\/wp-json\/wp\/v2\/pages\/1175","targetHints":{"allow":["GET"]}}],"collection":[{"href":"https:\/\/jatszohazgyula.hu\/de\/wp-json\/wp\/v2\/pages"}],"about":[{"href":"https:\/\/jatszohazgyula.hu\/de\/wp-json\/wp\/v2\/types\/page"}],"author":[{"embeddable":true,"href":"https:\/\/jatszohazgyula.hu\/de\/wp-json\/wp\/v2\/users\/1"}],"replies":[{"embeddable":true,"href":"https:\/\/jatszohazgyula.hu\/de\/wp-json\/wp\/v2\/comments?post=1175"}],"version-history":[{"count":38,"href":"https:\/\/jatszohazgyula.hu\/de\/wp-json\/wp\/v2\/pages\/1175\/revisions"}],"predecessor-version":[{"id":2220,"href":"https:\/\/jatszohazgyula.hu\/de\/wp-json\/wp\/v2\/pages\/1175\/revisions\/2220"}],"wp:featuredmedia":[{"embeddable":true,"href":"https:\/\/jatszohazgyula.hu\/de\/wp-json\/wp\/v2\/media\/1191"}],"wp:attachment":[{"href":"https:\/\/jatszohazgyula.hu\/de\/wp-json\/wp\/v2\/media?parent=1175"}],"wp:term":[{"taxonomy":"category","embeddable":true,"href":"https:\/\/jatszohazgyula.hu\/de\/wp-json\/wp\/v2\/categories?post=1175"},{"taxonomy":"post_tag","embeddable":true,"href":"https:\/\/jatszohazgyula.hu\/de\/wp-json\/wp\/v2\/tags?post=1175"},{"taxonomy":"folder","embeddable":true,"href":"https:\/\/jatszohazgyula.hu\/de\/wp-json\/wp\/v2\/folder?post=1175"}],"curies":[{"name":"wp","href":"https:\/\/api.w.org\/{rel}","templated":true}]}}