{"id":69,"date":"2023-03-03T21:07:33","date_gmt":"2023-03-03T21:07:33","guid":{"rendered":"https:\/\/jatszohazgyula.hu\/?page_id=69"},"modified":"2026-04-23T08:21:38","modified_gmt":"2026-04-23T08:21:38","slug":"nyitvatartas","status":"publish","type":"page","link":"https:\/\/jatszohazgyula.hu\/ro\/nyitvatartas\/","title":{"rendered":"Ore de deschidere"},"content":{"rendered":"<div data-elementor-type=\"wp-page\" data-elementor-id=\"69\" class=\"elementor elementor-69\" data-elementor-post-type=\"page\">\n\t\t\t\t\t\t\t\t\t<section data-exad-particle-enable=\"false\" class=\"elementor-section elementor-top-section elementor-element elementor-element-a6ff915 elementor-section-boxed elementor-section-height-default elementor-section-height-default exad-glass-effect-no exad-sticky-section-no\" data-id=\"a6ff915\" data-element_type=\"section\" data-settings=\"{&quot;background_background&quot;:&quot;classic&quot;,&quot;shape_divider_top&quot;:&quot;waves&quot;,&quot;shape_divider_top_negative&quot;:&quot;yes&quot;,&quot;shape_divider_bottom&quot;:&quot;waves&quot;}\">\n\t\t\t\t\t<div class=\"elementor-shape elementor-shape-top\" data-negative=\"true\">\n\t\t\t<svg xmlns=\"http:\/\/www.w3.org\/2000\/svg\" viewbox=\"0 0 1000 100\" preserveaspectratio=\"none\">\n\t<path class=\"elementor-shape-fill\" d=\"M790.5,93.1c-59.3-5.3-116.8-18-192.6-50c-29.6-12.7-76.9-31-100.5-35.9c-23.6-4.9-52.6-7.8-75.5-5.3\tc-10.2,1.1-22.6,1.4-50.1,7.4c-27.2,6.3-58.2,16.6-79.4,24.7c-41.3,15.9-94.9,21.9-134,22.6C72,58.2,0,25.8,0,25.8V100h1000V65.3\tc0,0-51.5,19.4-106.2,25.7C839.5,97,814.1,95.2,790.5,93.1z\"\/>\n<\/svg>\t\t<\/div>\n\t\t\t\t<div class=\"elementor-shape elementor-shape-bottom\" data-negative=\"false\">\n\t\t\t<svg xmlns=\"http:\/\/www.w3.org\/2000\/svg\" viewbox=\"0 0 1000 100\" preserveaspectratio=\"none\">\n\t<path class=\"elementor-shape-fill\" d=\"M421.9,6.5c22.6-2.5,51.5,0.4,75.5,5.3c23.6,4.9,70.9,23.5,100.5,35.7c75.8,32.2,133.7,44.5,192.6,49.7\tc23.6,2.1,48.7,3.5,103.4-2.5c54.7-6,106.2-25.6,106.2-25.6V0H0v30.3c0,0,72,32.6,158.4,30.5c39.2-0.7,92.8-6.7,134-22.4\tc21.2-8.1,52.2-18.2,79.7-24.2C399.3,7.9,411.6,7.5,421.9,6.5z\"\/>\n<\/svg>\t\t<\/div>\n\t\t\t\t\t<div class=\"elementor-container elementor-column-gap-default\">\n\t\t\t\t\t<div class=\"elementor-column elementor-col-100 elementor-top-column elementor-element elementor-element-10008c4 exad-glass-effect-no exad-sticky-section-no\" data-id=\"10008c4\" data-element_type=\"column\">\n\t\t\t<div class=\"elementor-widget-wrap elementor-element-populated\">\n\t\t\t\t\t\t\t\t<div class=\"elementor-element elementor-element-31e0613 exad-sticky-section-no exad-glass-effect-no elementor-widget elementor-widget-exad-exclusive-heading\" data-id=\"31e0613\" data-element_type=\"widget\" data-widget_type=\"exad-exclusive-heading.default\">\n\t\t\t\t<div class=\"elementor-widget-container\">\n\t\t\t\n        <div class=\"exad-exclusive-heading\">\n            <div class=\"exad-exclusive-heading-wrapper exad-heading-center exad-heading-simple\">\n\t\t\t\n                <h1 data-content=\"\" class=\"exad-exclusive-heading-title\">\n\t\t\t\t\t\t\t\t\t<\/h1>\n\t\n                \t\t\t\t\t<div class=\"exad-heading-separator\"><\/div>\n\t\t\t\t\n            <\/div>\n        <\/div>\n\t\t\t<\/div>\n\t\t\t\t<\/div>\n\t\t\t\t\t<\/div>\n\t\t<\/div>\n\t\t\t\t\t\t\t<\/div>\n\t\t<\/section>\n\t\t\t\t<section data-exad-particle-enable=\"false\" class=\"elementor-section elementor-top-section elementor-element elementor-element-b1bb032 elementor-section-boxed elementor-section-height-default elementor-section-height-default exad-parallax-effect-no exad-background-color-change-no exad-glass-effect-no exad-sticky-section-no\" data-id=\"b1bb032\" data-element_type=\"section\">\n\t\t\t\t\t\t<div class=\"elementor-container elementor-column-gap-default\">\n\t\t\t\t\t<div class=\"elementor-column elementor-col-100 elementor-top-column elementor-element elementor-element-1754b9e exad-glass-effect-no exad-sticky-section-no\" data-id=\"1754b9e\" data-element_type=\"column\">\n\t\t\t<div class=\"elementor-widget-wrap elementor-element-populated\">\n\t\t\t\t\t\t\t\t<div class=\"elementor-element elementor-element-9259d5a exad-sticky-section-no exad-glass-effect-no elementor-widget elementor-widget-heading\" data-id=\"9259d5a\" data-element_type=\"widget\" data-widget_type=\"heading.default\">\n\t\t\t\t<div class=\"elementor-widget-container\">\n\t\t\t<style>\/*! elementor - v3.14.0 - 26-06-2023 *\/\n.elementor-heading-title{padding:0;margin:0;line-height:1}.elementor-widget-heading .elementor-heading-title[class*=elementor-size-]>a{color:inherit;font-size:inherit;line-height:inherit}.elementor-widget-heading .elementor-heading-title.elementor-size-small{font-size:15px}.elementor-widget-heading .elementor-heading-title.elementor-size-medium{font-size:19px}.elementor-widget-heading .elementor-heading-title.elementor-size-large{font-size:29px}.elementor-widget-heading .elementor-heading-title.elementor-size-xl{font-size:39px}.elementor-widget-heading .elementor-heading-title.elementor-size-xxl{font-size:59px}<\/style><h2 class=\"elementor-heading-title elementor-size-default\">Orarul actual de func\u021bionare<\/h2>\t\t<\/div>\n\t\t\t\t<\/div>\n\t\t\t\t<div class=\"elementor-element elementor-element-f3ad11a exad-sticky-section-no exad-glass-effect-no elementor-widget elementor-widget-text-editor\" data-id=\"f3ad11a\" data-element_type=\"widget\" data-widget_type=\"text-editor.default\">\n\t\t\t\t<div class=\"elementor-widget-container\">\n\t\t\t<style>\/*! elementor - v3.14.0 - 26-06-2023 *\/\n.elementor-widget-text-editor.elementor-drop-cap-view-stacked .elementor-drop-cap{background-color:#69727d;color:#fff}.elementor-widget-text-editor.elementor-drop-cap-view-framed .elementor-drop-cap{color:#69727d;border:3px solid;background-color:transparent}.elementor-widget-text-editor:not(.elementor-drop-cap-view-default) .elementor-drop-cap{margin-top:8px}.elementor-widget-text-editor:not(.elementor-drop-cap-view-default) .elementor-drop-cap-letter{width:1em;height:1em}.elementor-widget-text-editor .elementor-drop-cap{float:left;text-align:center;line-height:1;font-size:50px}.elementor-widget-text-editor .elementor-drop-cap-letter{display:inline-block}<\/style>\t\t\t\t<p><span class=\"x193iq5w xeuugli x13faqbe x1vvkbs x1xmvt09 x1lliihq x1s928wv xhkezso x1gmr53x x1cpjm7i x1fgarty x1943h6x xudqn12 x3x7a5m x6prxxf xvq8zen xo1l8bm xzsf02u x1yc453h\" dir=\"auto\">1 septembrie - 30 iunie<\/span><\/p>\t\t\t\t\t\t<\/div>\n\t\t\t\t<\/div>\n\t\t\t\t<div class=\"elementor-element elementor-element-d37ff65 exad-sticky-section-no exad-glass-effect-no elementor-widget elementor-widget-shortcode\" data-id=\"d37ff65\" data-element_type=\"widget\" data-widget_type=\"shortcode.default\">\n\t\t\t\t<div class=\"elementor-widget-container\">\n\t\t\t\t\t<div class=\"elementor-shortcode\"><div class=\"op-overview-shortcode\">\n<table class=\"op-table op-table-overview\">\n  \n    <tr class=\"op-row op-row-day\">\n    <th class=\"op-cell op-cell-heading\" scope=\"row\">luni<\/th>\n    <td class=\"op-cell op-cell-periods\"><span class=\"op-closed\">\u00cenchis<\/span><\/td>\n  <\/tr>\n    <tr class=\"op-row op-row-day\">\n    <th class=\"op-cell op-cell-heading\" scope=\"row\">mar\u021bi<\/th>\n    <td class=\"op-cell op-cell-periods\"><span class=\"op-period-time\">14:00 - 19:00<\/span><\/td>\n  <\/tr>\n    <tr class=\"op-row op-row-day highlighted\">\n    <th class=\"op-cell op-cell-heading\" scope=\"row\">miercuri<\/th>\n    <td class=\"op-cell op-cell-periods\"><span class=\"op-period-time\">14:00 - 19:00<\/span><\/td>\n  <\/tr>\n    <tr class=\"op-row op-row-day\">\n    <th class=\"op-cell op-cell-heading\" scope=\"row\">joi<\/th>\n    <td class=\"op-cell op-cell-periods\"><span class=\"op-period-time\">14:00 - 19:00<\/span><\/td>\n  <\/tr>\n    <tr class=\"op-row op-row-day\">\n    <th class=\"op-cell op-cell-heading\" scope=\"row\">vineri<\/th>\n    <td class=\"op-cell op-cell-periods\"><span class=\"op-period-time\">14:00 - 19:00<\/span><\/td>\n  <\/tr>\n    <tr class=\"op-row op-row-day\">\n    <th class=\"op-cell op-cell-heading\" scope=\"row\">s\u00e2mb\u0103t\u0103<\/th>\n    <td class=\"op-cell op-cell-periods\"><span class=\"op-period-time\">10:00 - 19:00<\/span><\/td>\n  <\/tr>\n    <tr class=\"op-row op-row-day\">\n    <th class=\"op-cell op-cell-heading\" scope=\"row\">duminic\u0103<\/th>\n    <td class=\"op-cell op-cell-periods\"><span class=\"op-period-time\">10:00 - 19:00<\/span><\/td>\n  <\/tr>\n  <\/table>\n\n<\/div><\/div>\n\t\t\t\t<\/div>\n\t\t\t\t<\/div>\n\t\t\t\t<div class=\"elementor-element elementor-element-0c85d31 exad-sticky-section-no exad-glass-effect-no elementor-widget elementor-widget-text-editor\" data-id=\"0c85d31\" data-element_type=\"widget\" data-widget_type=\"text-editor.default\">\n\t\t\t\t<div class=\"elementor-widget-container\">\n\t\t\t\t\t\t\t\t\t\t\t\t\t<\/div>\n\t\t\t\t<\/div>\n\t\t\t\t<div class=\"elementor-element elementor-element-f82d507 exad-sticky-section-no exad-glass-effect-no elementor-widget elementor-widget-exad-exclusive-alert\" data-id=\"f82d507\" data-element_type=\"widget\" data-widget_type=\"exad-exclusive-alert.default\">\n\t\t\t\t<div class=\"elementor-widget-container\">\n\t\t\t\n        <div class=\"exad-alert\">\n            <div class=\"exad-alert-wrapper\" data-alert>\n                <div class=\"exad-alert-element\">\n                    \n                        <div class=\"exad-alert-element-icon\">\n                            <span>\n                                <i aria-hidden=\"true\" class=\"remixicon ri-timer-line\"><\/i>                            <\/span>\n                        <\/div>\n                    \n                    <div class=\"exad-alert-element-content\">\n                        <div class=\"exad-alert-desc\">Ultima v\u00e2nzare de bilete cu o or\u0103 \u00eenainte de \u00eenchidere.<\/div>    \n                    <\/div>\n\n                                    <\/div>\n\n                            <\/div>\n        <\/div>\n\n        \t\t<\/div>\n\t\t\t\t<\/div>\n\t\t\t\t<div class=\"elementor-element elementor-element-f172772 exad-sticky-section-no exad-glass-effect-no elementor-widget elementor-widget-exad-exclusive-alert\" data-id=\"f172772\" data-element_type=\"widget\" data-widget_type=\"exad-exclusive-alert.default\">\n\t\t\t\t<div class=\"elementor-widget-container\">\n\t\t\t\n        <div class=\"exad-alert\">\n            <div class=\"exad-alert-wrapper\" data-alert>\n                <div class=\"exad-alert-element\">\n                    \n                        <div class=\"exad-alert-element-icon\">\n                            <span>\n                                <i aria-hidden=\"true\" class=\"remixicon ri-team-fill\"><\/i>                            <\/span>\n                        <\/div>\n                    \n                    <div class=\"exad-alert-element-content\">\n                        <div class=\"exad-alert-desc\"> Csoportokat nyitvatart\u00e1si id\u0151n k\u00edv\u00fcl is fogadunk. <\/br>\nK\u00e9rj\u00fck, konzult\u00e1lj munkat\u00e1rsunkkal a tov\u00e1bbi r\u00e9szletek\u00e9rt az al\u00e1bbi telefonsz\u00e1mon: +36 70 340 86 49!\n<\/div>    \n                    <\/div>\n\n                                    <\/div>\n\n                            <\/div>\n        <\/div>\n\n        \t\t<\/div>\n\t\t\t\t<\/div>\n\t\t\t\t<div class=\"elementor-element elementor-element-bac2ffd elementor-widget-divider--view-line exad-sticky-section-no exad-glass-effect-no elementor-widget elementor-widget-divider\" data-id=\"bac2ffd\" data-element_type=\"widget\" data-widget_type=\"divider.default\">\n\t\t\t\t<div class=\"elementor-widget-container\">\n\t\t\t<style>\/*! elementor - v3.14.0 - 26-06-2023 *\/\n.elementor-widget-divider{--divider-border-style:none;--divider-border-width:1px;--divider-color:#0c0d0e;--divider-icon-size:20px;--divider-element-spacing:10px;--divider-pattern-height:24px;--divider-pattern-size:20px;--divider-pattern-url:none;--divider-pattern-repeat:repeat-x}.elementor-widget-divider .elementor-divider{display:flex}.elementor-widget-divider .elementor-divider__text{font-size:15px;line-height:1;max-width:95%}.elementor-widget-divider .elementor-divider__element{margin:0 var(--divider-element-spacing);flex-shrink:0}.elementor-widget-divider .elementor-icon{font-size:var(--divider-icon-size)}.elementor-widget-divider .elementor-divider-separator{display:flex;margin:0;direction:ltr}.elementor-widget-divider--view-line_icon .elementor-divider-separator,.elementor-widget-divider--view-line_text .elementor-divider-separator{align-items:center}.elementor-widget-divider--view-line_icon .elementor-divider-separator:after,.elementor-widget-divider--view-line_icon .elementor-divider-separator:before,.elementor-widget-divider--view-line_text .elementor-divider-separator:after,.elementor-widget-divider--view-line_text .elementor-divider-separator:before{display:block;content:\"\";border-bottom:0;flex-grow:1;border-top:var(--divider-border-width) var(--divider-border-style) var(--divider-color)}.elementor-widget-divider--element-align-left .elementor-divider .elementor-divider-separator>.elementor-divider__svg:first-of-type{flex-grow:0;flex-shrink:100}.elementor-widget-divider--element-align-left .elementor-divider-separator:before{content:none}.elementor-widget-divider--element-align-left .elementor-divider__element{margin-left:0}.elementor-widget-divider--element-align-right .elementor-divider .elementor-divider-separator>.elementor-divider__svg:last-of-type{flex-grow:0;flex-shrink:100}.elementor-widget-divider--element-align-right .elementor-divider-separator:after{content:none}.elementor-widget-divider--element-align-right .elementor-divider__element{margin-right:0}.elementor-widget-divider:not(.elementor-widget-divider--view-line_text):not(.elementor-widget-divider--view-line_icon) .elementor-divider-separator{border-top:var(--divider-border-width) var(--divider-border-style) var(--divider-color)}.elementor-widget-divider--separator-type-pattern{--divider-border-style:none}.elementor-widget-divider--separator-type-pattern.elementor-widget-divider--view-line .elementor-divider-separator,.elementor-widget-divider--separator-type-pattern:not(.elementor-widget-divider--view-line) .elementor-divider-separator:after,.elementor-widget-divider--separator-type-pattern:not(.elementor-widget-divider--view-line) .elementor-divider-separator:before,.elementor-widget-divider--separator-type-pattern:not([class*=elementor-widget-divider--view]) .elementor-divider-separator{width:100%;min-height:var(--divider-pattern-height);-webkit-mask-size:var(--divider-pattern-size) 100%;mask-size:var(--divider-pattern-size) 100%;-webkit-mask-repeat:var(--divider-pattern-repeat);mask-repeat:var(--divider-pattern-repeat);background-color:var(--divider-color);-webkit-mask-image:var(--divider-pattern-url);mask-image:var(--divider-pattern-url)}.elementor-widget-divider--no-spacing{--divider-pattern-size:auto}.elementor-widget-divider--bg-round{--divider-pattern-repeat:round}.rtl .elementor-widget-divider .elementor-divider__text{direction:rtl}.e-con-inner>.elementor-widget-divider,.e-con>.elementor-widget-divider{width:var(--container-widget-width,100%);--flex-grow:var(--container-widget-flex-grow)}<\/style>\t\t<div class=\"elementor-divider\">\n\t\t\t<span class=\"elementor-divider-separator\">\n\t\t\t\t\t\t<\/span>\n\t\t<\/div>\n\t\t\t\t<\/div>\n\t\t\t\t<\/div>\n\t\t\t\t<div class=\"elementor-element elementor-element-ae1f02c exad-sticky-section-no exad-glass-effect-no elementor-widget elementor-widget-heading\" data-id=\"ae1f02c\" data-element_type=\"widget\" data-widget_type=\"heading.default\">\n\t\t\t\t<div class=\"elementor-widget-container\">\n\t\t\t<h2 class=\"elementor-heading-title elementor-size-default\">Urm\u0103toarele ore de deschidere<\/h2>\t\t<\/div>\n\t\t\t\t<\/div>\n\t\t\t\t<div class=\"elementor-element elementor-element-340179a exad-sticky-section-no exad-glass-effect-no elementor-widget elementor-widget-text-editor\" data-id=\"340179a\" data-element_type=\"widget\" data-widget_type=\"text-editor.default\">\n\t\t\t\t<div class=\"elementor-widget-container\">\n\t\t\t\t\t\t\t<p>1 iulie - 31 august<\/p>\t\t\t\t\t\t<\/div>\n\t\t\t\t<\/div>\n\t\t\t\t<div class=\"elementor-element elementor-element-4e7fb03 elementor-widget elementor-widget-shortcode\" data-id=\"4e7fb03\" data-element_type=\"widget\" data-widget_type=\"shortcode.default\">\n\t\t\t\t<div class=\"elementor-widget-container\">\n\t\t\t\t\t<div class=\"elementor-shortcode\"><div class=\"op-overview-shortcode\">\n<table class=\"op-table op-table-overview\">\n  \n    <tr class=\"op-row op-row-day\">\n    <th class=\"op-cell op-cell-heading\" scope=\"row\">luni<\/th>\n    <td class=\"op-cell op-cell-periods\"><span class=\"op-period-time\">10:00 - 19:00<\/span><\/td>\n  <\/tr>\n    <tr class=\"op-row op-row-day\">\n    <th class=\"op-cell op-cell-heading\" scope=\"row\">mar\u021bi<\/th>\n    <td class=\"op-cell op-cell-periods\"><span class=\"op-period-time\">10:00 - 19:00<\/span><\/td>\n  <\/tr>\n    <tr class=\"op-row op-row-day\">\n    <th class=\"op-cell op-cell-heading\" scope=\"row\">miercuri<\/th>\n    <td class=\"op-cell op-cell-periods\"><span class=\"op-period-time\">10:00 - 19:00<\/span><\/td>\n  <\/tr>\n    <tr class=\"op-row op-row-day\">\n    <th class=\"op-cell op-cell-heading\" scope=\"row\">joi<\/th>\n    <td class=\"op-cell op-cell-periods\"><span class=\"op-period-time\">10:00 - 19:00<\/span><\/td>\n  <\/tr>\n    <tr class=\"op-row op-row-day\">\n    <th class=\"op-cell op-cell-heading\" scope=\"row\">vineri<\/th>\n    <td class=\"op-cell op-cell-periods\"><span class=\"op-period-time\">10:00 - 19:00<\/span><\/td>\n  <\/tr>\n    <tr class=\"op-row op-row-day\">\n    <th class=\"op-cell op-cell-heading\" scope=\"row\">s\u00e2mb\u0103t\u0103<\/th>\n    <td class=\"op-cell op-cell-periods\"><span class=\"op-period-time\">10:00 - 19:00<\/span><\/td>\n  <\/tr>\n    <tr class=\"op-row op-row-day\">\n    <th class=\"op-cell op-cell-heading\" scope=\"row\">duminic\u0103<\/th>\n    <td class=\"op-cell op-cell-periods\"><span class=\"op-period-time\">10:00 - 19:00<\/span><\/td>\n  <\/tr>\n  <\/table>\n\n<\/div><\/div>\n\t\t\t\t<\/div>\n\t\t\t\t<\/div>\n\t\t\t\t\t<\/div>\n\t\t<\/div>\n\t\t\t\t\t\t\t<\/div>\n\t\t<\/section>\n\t\t\t\t\t\t\t<\/div>","protected":false},"excerpt":{"rendered":"<p>Aktu\u00e1lis id\u0151szaki nyitvatart\u00e1s szeptember 1. &#8211; j\u00fanius 30. Utols\u00f3 jegykiad\u00e1s z\u00e1r\u00e1s el\u0151tt egy \u00f3r\u00e1val. Csoportokat nyitvatart\u00e1si id\u0151n k\u00edv\u00fcl is fogadunk. K\u00e9rj\u00fck, konzult\u00e1lj munkat\u00e1rsunkkal a tov\u00e1bbi r\u00e9szletek\u00e9rt az al\u00e1bbi telefonsz\u00e1mon: +36 70 340 86 49! K\u00f6vetkez\u0151 id\u0151szaki nyitvatart\u00e1s j\u00falius 1. \u2013 augusztus 31.<\/p>","protected":false},"author":1,"featured_media":0,"parent":0,"menu_order":26,"comment_status":"closed","ping_status":"closed","template":"","meta":{"footnotes":""},"categories":[],"tags":[],"folder":[],"class_list":["post-69","page","type-page","status-publish","hentry"],"_links":{"self":[{"href":"https:\/\/jatszohazgyula.hu\/ro\/wp-json\/wp\/v2\/pages\/69","targetHints":{"allow":["GET"]}}],"collection":[{"href":"https:\/\/jatszohazgyula.hu\/ro\/wp-json\/wp\/v2\/pages"}],"about":[{"href":"https:\/\/jatszohazgyula.hu\/ro\/wp-json\/wp\/v2\/types\/page"}],"author":[{"embeddable":true,"href":"https:\/\/jatszohazgyula.hu\/ro\/wp-json\/wp\/v2\/users\/1"}],"replies":[{"embeddable":true,"href":"https:\/\/jatszohazgyula.hu\/ro\/wp-json\/wp\/v2\/comments?post=69"}],"version-history":[{"count":254,"href":"https:\/\/jatszohazgyula.hu\/ro\/wp-json\/wp\/v2\/pages\/69\/revisions"}],"predecessor-version":[{"id":2420,"href":"https:\/\/jatszohazgyula.hu\/ro\/wp-json\/wp\/v2\/pages\/69\/revisions\/2420"}],"wp:attachment":[{"href":"https:\/\/jatszohazgyula.hu\/ro\/wp-json\/wp\/v2\/media?parent=69"}],"wp:term":[{"taxonomy":"category","embeddable":true,"href":"https:\/\/jatszohazgyula.hu\/ro\/wp-json\/wp\/v2\/categories?post=69"},{"taxonomy":"post_tag","embeddable":true,"href":"https:\/\/jatszohazgyula.hu\/ro\/wp-json\/wp\/v2\/tags?post=69"},{"taxonomy":"folder","embeddable":true,"href":"https:\/\/jatszohazgyula.hu\/ro\/wp-json\/wp\/v2\/folder?post=69"}],"curies":[{"name":"wp","href":"https:\/\/api.w.org\/{rel}","templated":true}]}}