{"id":860,"date":"2023-04-19T20:28:31","date_gmt":"2023-04-19T20:28:31","guid":{"rendered":"https:\/\/jatszohazgyula.hu\/?page_id=860"},"modified":"2023-04-19T20:51:29","modified_gmt":"2023-04-19T20:51:29","slug":"sikeres-foglalas","status":"publish","type":"page","link":"https:\/\/jatszohazgyula.hu\/ro\/sikeres-foglalas\/","title":{"rendered":"Rezervare reu\u0219it\u0103"},"content":{"rendered":"<div data-elementor-type=\"wp-page\" data-elementor-id=\"860\" class=\"elementor elementor-860\" data-elementor-post-type=\"page\">\n\t\t\t\t\t\t\t\t\t<section data-exad-particle-enable=\"false\" class=\"elementor-section elementor-top-section elementor-element elementor-element-5f09158 elementor-section-boxed elementor-section-height-default elementor-section-height-default exad-parallax-effect-no exad-glass-effect-no exad-sticky-section-no\" data-id=\"5f09158\" data-element_type=\"section\">\n\t\t\t\t\t\t<div class=\"elementor-container elementor-column-gap-default\">\n\t\t\t\t\t<div class=\"elementor-column elementor-col-25 elementor-top-column elementor-element elementor-element-9449460 exad-glass-effect-no exad-sticky-section-no\" data-id=\"9449460\" data-element_type=\"column\">\n\t\t\t<div class=\"elementor-widget-wrap\">\n\t\t\t\t\t\t\t\t\t<\/div>\n\t\t<\/div>\n\t\t\t\t<div class=\"elementor-column elementor-col-50 elementor-top-column elementor-element elementor-element-1795a58 exad-glass-effect-no exad-sticky-section-no\" data-id=\"1795a58\" data-element_type=\"column\">\n\t\t\t<div class=\"elementor-widget-wrap elementor-element-populated\">\n\t\t\t\t\t\t\t\t<div class=\"elementor-element elementor-element-b80712a elementor-view-framed elementor-shape-circle exad-sticky-section-no exad-glass-effect-no elementor-widget elementor-widget-icon\" data-id=\"b80712a\" data-element_type=\"widget\" data-widget_type=\"icon.default\">\n\t\t\t\t<div class=\"elementor-widget-container\">\n\t\t\t\t\t<div class=\"elementor-icon-wrapper\">\n\t\t\t<div class=\"elementor-icon\">\n\t\t\t<i aria-hidden=\"true\" class=\"remixicon ri-check-line\"><\/i>\t\t\t<\/div>\n\t\t<\/div>\n\t\t\t\t<\/div>\n\t\t\t\t<\/div>\n\t\t\t\t<div class=\"elementor-element elementor-element-543c6f7 exad-sticky-section-no exad-glass-effect-no elementor-widget elementor-widget-heading\" data-id=\"543c6f7\" data-element_type=\"widget\" data-widget_type=\"heading.default\">\n\t\t\t\t<div class=\"elementor-widget-container\">\n\t\t\t<style>\/*! elementor - v3.14.0 - 26-06-2023 *\/\n.elementor-heading-title{padding:0;margin:0;line-height:1}.elementor-widget-heading .elementor-heading-title[class*=elementor-size-]>a{color:inherit;font-size:inherit;line-height:inherit}.elementor-widget-heading .elementor-heading-title.elementor-size-small{font-size:15px}.elementor-widget-heading .elementor-heading-title.elementor-size-medium{font-size:19px}.elementor-widget-heading .elementor-heading-title.elementor-size-large{font-size:29px}.elementor-widget-heading .elementor-heading-title.elementor-size-xl{font-size:39px}.elementor-widget-heading .elementor-heading-title.elementor-size-xxl{font-size:59px}<\/style><h1 class=\"elementor-heading-title elementor-size-default\">Rezervare reu\u0219it\u0103<\/h1>\t\t<\/div>\n\t\t\t\t<\/div>\n\t\t\t\t<div class=\"elementor-element elementor-element-3e67bd5 exad-sticky-section-no exad-glass-effect-no elementor-widget elementor-widget-text-editor\" data-id=\"3e67bd5\" data-element_type=\"widget\" data-widget_type=\"text-editor.default\">\n\t\t\t\t<div class=\"elementor-widget-container\">\n\t\t\t<style>\/*! elementor - v3.14.0 - 26-06-2023 *\/\n.elementor-widget-text-editor.elementor-drop-cap-view-stacked .elementor-drop-cap{background-color:#69727d;color:#fff}.elementor-widget-text-editor.elementor-drop-cap-view-framed .elementor-drop-cap{color:#69727d;border:3px solid;background-color:transparent}.elementor-widget-text-editor:not(.elementor-drop-cap-view-default) .elementor-drop-cap{margin-top:8px}.elementor-widget-text-editor:not(.elementor-drop-cap-view-default) .elementor-drop-cap-letter{width:1em;height:1em}.elementor-widget-text-editor .elementor-drop-cap{float:left;text-align:center;line-height:1;font-size:50px}.elementor-widget-text-editor .elementor-drop-cap-letter{display:inline-block}<\/style>\t\t\t\t<h2 style=\"text-align: center;\">Rezervarea dvs. a fost \u00eenregistrat\u0103 cu succes \u0219i a\u0219tept\u0103m cu ner\u0103bdare vizita dvs.!<\/h2><p style=\"text-align: center;\">La adresa de e-mail furnizat\u0103 de dvs. a fost trimis\u0103 o confirmare cu detalii despre rezervare. De asemenea, v\u0103 rug\u0103m s\u0103 verifica\u021bi dosarul de spam, deoarece este posibil ca sistemul de e-mail s\u0103 plaseze automat mesajul acolo.<\/p><p style=\"text-align: center;\">Dac\u0103 ave\u021bi \u00eentreb\u0103ri legate de rezervare, v\u0103 rug\u0103m s\u0103 nu ezita\u021bi s\u0103 ne contacta\u021bi.<\/p>\t\t\t\t\t\t<\/div>\n\t\t\t\t<\/div>\n\t\t\t\t\t<\/div>\n\t\t<\/div>\n\t\t\t\t<div class=\"elementor-column elementor-col-25 elementor-top-column elementor-element elementor-element-e11ddf8 exad-glass-effect-no exad-sticky-section-no\" data-id=\"e11ddf8\" data-element_type=\"column\">\n\t\t\t<div class=\"elementor-widget-wrap\">\n\t\t\t\t\t\t\t\t\t<\/div>\n\t\t<\/div>\n\t\t\t\t\t\t\t<\/div>\n\t\t<\/section>\n\t\t\t\t\t\t\t<\/div>","protected":false},"excerpt":{"rendered":"<p>Rezervare reu\u0219it\u0103 Rezervarea dumneavoastr\u0103 a fost \u00eenregistrat\u0103 cu succes \u0219i a\u0219tept\u0103m cu ner\u0103bdare vizita dumneavoastr\u0103! O confirmare cu detaliile rezerv\u0103rii dvs. a fost trimis\u0103 la adresa de e-mail furnizat\u0103. V\u0103 rug\u0103m s\u0103 verifica\u021bi, de asemenea, folderul spam, deoarece sistemul de po\u0219t\u0103 electronic\u0103 poate plasa automat mesajul acolo. Dac\u0103 ave\u021bi \u00eentreb\u0103ri cu privire la rezervarea dvs., v\u0103 rug\u0103m s\u0103 nu ezita\u021bi s\u0103 ne contacta\u021bi.<\/p>","protected":false},"author":1,"featured_media":0,"parent":0,"menu_order":3,"comment_status":"closed","ping_status":"closed","template":"","meta":{"footnotes":""},"categories":[],"tags":[],"folder":[],"class_list":["post-860","page","type-page","status-publish","hentry"],"_links":{"self":[{"href":"https:\/\/jatszohazgyula.hu\/ro\/wp-json\/wp\/v2\/pages\/860","targetHints":{"allow":["GET"]}}],"collection":[{"href":"https:\/\/jatszohazgyula.hu\/ro\/wp-json\/wp\/v2\/pages"}],"about":[{"href":"https:\/\/jatszohazgyula.hu\/ro\/wp-json\/wp\/v2\/types\/page"}],"author":[{"embeddable":true,"href":"https:\/\/jatszohazgyula.hu\/ro\/wp-json\/wp\/v2\/users\/1"}],"replies":[{"embeddable":true,"href":"https:\/\/jatszohazgyula.hu\/ro\/wp-json\/wp\/v2\/comments?post=860"}],"version-history":[{"count":16,"href":"https:\/\/jatszohazgyula.hu\/ro\/wp-json\/wp\/v2\/pages\/860\/revisions"}],"predecessor-version":[{"id":877,"href":"https:\/\/jatszohazgyula.hu\/ro\/wp-json\/wp\/v2\/pages\/860\/revisions\/877"}],"wp:attachment":[{"href":"https:\/\/jatszohazgyula.hu\/ro\/wp-json\/wp\/v2\/media?parent=860"}],"wp:term":[{"taxonomy":"category","embeddable":true,"href":"https:\/\/jatszohazgyula.hu\/ro\/wp-json\/wp\/v2\/categories?post=860"},{"taxonomy":"post_tag","embeddable":true,"href":"https:\/\/jatszohazgyula.hu\/ro\/wp-json\/wp\/v2\/tags?post=860"},{"taxonomy":"folder","embeddable":true,"href":"https:\/\/jatszohazgyula.hu\/ro\/wp-json\/wp\/v2\/folder?post=860"}],"curies":[{"name":"wp","href":"https:\/\/api.w.org\/{rel}","templated":true}]}}